{"id":220,"date":"2019-07-30T09:01:53","date_gmt":"2019-07-30T09:01:53","guid":{"rendered":"https:\/\/keep2sharepremium.net\/?page_id=220"},"modified":"2019-07-30T11:07:20","modified_gmt":"2019-07-30T11:07:20","slug":"protezione-dei-dati","status":"publish","type":"page","link":"https:\/\/keep2sharepremium.net\/it\/protezione-dei-dati\/","title":{"rendered":"Protezione Dei Dati"},"content":{"rendered":"<p style=\"margin: 0px 0px 15px; padding: 0px; border: 0px; font-size: 14px; vertical-align: baseline; line-height: 1.71429; color: #444444; font-family: Ubuntu, Helvetica, Arial, sans-serif;\"><strong style=\"margin: 0px; padding: 0px; border: 0px; vertical-align: baseline;\"><strong data-rich-text-format-boundary=\"true\">Protezione Dei Dati<\/strong><\/strong><\/p>\n<p style=\"margin: 0px 0px 15px; padding: 0px; border: 0px; font-size: 14px; vertical-align: baseline; line-height: 1.71429; color: #444444; font-family: Ubuntu, Helvetica, Arial, sans-serif;\">I gestori di queste pagine prendono molto seriamente la protezione dei vostri dati personali. Trattiamo i vostri dati personali in modo confidenziale e in conformit\u00e0 alle disposizioni legali sulla protezione dei dati e alla presente informativa sulla protezione dei dati.<\/p>\n<p style=\"margin: 0px 0px 15px; padding: 0px; border: 0px; font-size: 14px; vertical-align: baseline; line-height: 1.71429; color: #444444; font-family: Ubuntu, Helvetica, Arial, sans-serif;\">Di norma, il nostro sito web pu\u00f2 essere utilizzato senza fornire dati personali. Nella misura in cui i dati personali (ad es. nome, indirizzo o indirizzo e-mail) sono raccolti sulle nostre pagine, ci\u00f2 avviene sempre, per quanto possibile, su base volontaria. Questi dati non saranno ceduti a terzi senza il vostro esplicito consenso.<\/p>\n<p style=\"margin: 0px 0px 15px; padding: 0px; border: 0px; font-size: 14px; vertical-align: baseline; line-height: 1.71429; color: #444444; font-family: Ubuntu, Helvetica, Arial, sans-serif;\">Vorremmo sottolineare che la trasmissione di dati su Internet (ad es. comunicazione via e-mail) pu\u00f2 essere soggetta a lacune di sicurezza. Non \u00e8 possibile una protezione completa dei dati contro l&#8217;accesso da parte di terzi.<\/p>\n<p style=\"margin: 0px 0px 15px; padding: 0px; border: 0px; font-size: 14px; vertical-align: baseline; line-height: 1.71429; color: #444444; font-family: Ubuntu, Helvetica, Arial, sans-serif;\"><strong>Informativa sulla privacy per l&#8217;utilizzo dei plugin di Facebook (come pulsante)<\/strong><\/p>\n<p style=\"margin: 0px 0px 15px; padding: 0px; border: 0px; font-size: 14px; vertical-align: baseline; line-height: 1.71429; color: #444444; font-family: Ubuntu, Helvetica, Arial, sans-serif;\">Sulle nostre pagine sono i plugin del social network Facebook, provider Facebook Inc., 1 Hacker Way, Menlo Park, California 94025, USA, integrato. \u00c8 possibile riconoscere i plugin di Facebook dal logo Facebook o dal pulsante &#8220;Mi piace&#8221; sulla nostra pagina. Qui trovate una panoramica dei plugin di Facebook: <a href=\"http:\/\/developers.facebook.com\/docs\/plugins\/\">http:\/\/developers.facebook.com\/docs\/plugins\/ <\/a><\/p>\n<p style=\"margin: 0px 0px 15px; padding: 0px; border: 0px; font-size: 14px; vertical-align: baseline; line-height: 1.71429; color: #444444; font-family: Ubuntu, Helvetica, Arial, sans-serif;\">Quando visitate le nostre pagine, il plugin stabilisce una connessione diretta tra il vostro browser e il server di Facebook. Facebook riceve le informazioni che avete visitato il nostro sito con il vostro indirizzo IP. Se clicchi sul pulsante &#8220;Mi piace&#8221; di Facebook mentre sei connesso al tuo account Facebook, puoi collegare il contenuto delle nostre pagine al tuo profilo Facebook. Questo permette a Facebook di associare la visita delle nostre pagine al tuo account utente. Si precisa che, in qualit\u00e0 di fornitore delle pagine, non abbiamo alcuna conoscenza del contenuto dei dati trasmessi o del loro utilizzo da parte di Facebook. Ulteriori informazioni in merito sono disponibili nell&#8217;informativa sulla privacy di Facebook all&#8217;indirizzo <a href=\"http:\/\/de-de.facebook.com\/policy.php\">http:\/\/de-de.facebook.com\/policy.php<\/a><\/p>\n<p style=\"margin: 0px 0px 15px; padding: 0px; border: 0px; font-size: 14px; vertical-align: baseline; line-height: 1.71429; color: #444444; font-family: Ubuntu, Helvetica, Arial, sans-serif;\">Se non vuoi che Facebook sia in grado di assegnare le visite alle nostre pagine al tuo account utente Facebook, esci dal tuo account Facebook.<\/p>\n<p style=\"margin: 0px 0px 15px; padding: 0px; border: 0px; font-size: 14px; vertical-align: baseline; line-height: 1.71429; color: #444444; font-family: Ubuntu, Helvetica, Arial, sans-serif;\"><strong>Informativa sulla privacy per l&#8217;utilizzo di Google Analytics<\/strong><\/p>\n<p style=\"margin: 0px 0px 15px; padding: 0px; border: 0px; font-size: 14px; vertical-align: baseline; line-height: 1.71429; color: #444444; font-family: Ubuntu, Helvetica, Arial, sans-serif;\">Questo sito web utilizza le funzioni del servizio di analisi web Google Analytics. Il fornitore \u00e8 Google Inc. 1600 Amphitheatre Parkway Mountain View, CA 94043, USA. Google Analytics utilizza i cosiddetti &#8220;cookies&#8221;. Si tratta di file di testo che vengono memorizzati sul vostro computer e consentono un&#8217;analisi del vostro utilizzo del sito web. Le informazioni generate dal cookie sull&#8217;utilizzo del sito web da parte dell&#8217;utente vengono generalmente trasmesse a, e depositate presso i server di Google negli Stati Uniti.<\/p>\n<p style=\"margin: 0px 0px 15px; padding: 0px; border: 0px; font-size: 14px; vertical-align: baseline; line-height: 1.71429; color: #444444; font-family: Ubuntu, Helvetica, Arial, sans-serif;\">Tuttavia, se su questo sito web \u00e8 attivata l&#8217;anonimizzazione dell&#8217;IP, il vostro indirizzo IP sar\u00e0 accorciato in anticipo da Google all&#8217;interno degli Stati membri dell&#8217;Unione Europea o in altri Stati firmatari dell&#8217;Accordo sullo Spazio Economico Europeo. Solo in casi eccezionali l&#8217;indirizzo IP completo sar\u00e0 trasmesso a un server di Google negli Stati Uniti, dove sar\u00e0 abbreviato. Per conto del gestore di questo sito web, Google utilizzer\u00e0 queste informazioni per valutare il vostro utilizzo del sito web, per compilare report sulle attivit\u00e0 del sito web e per fornire altri servizi relativi alle attivit\u00e0 del sito web e all&#8217;utilizzo di Internet. L&#8217;indirizzo IP trasmesso dal vostro browser nell&#8217;ambito di Google Analytics non viene combinato con altri dati di Google.<\/p>\n<p style=\"margin: 0px 0px 15px; padding: 0px; border: 0px; font-size: 14px; vertical-align: baseline; line-height: 1.71429; color: #444444; font-family: Ubuntu, Helvetica, Arial, sans-serif;\">Potete rifiutarvi di usare i cookies selezionando l&#8217;impostazione appropriata sul vostro browser, tuttavia vi preghiamo di notare che se lo fate, potreste non essere in grado di utilizzare tutte le funzionalit\u00e0 di questo sito web. Potete anche impedire a Google di raccogliere i dati generati dal cookie e relativi al vostro utilizzo del sito web (compreso il vostro indirizzo IP) e a Google di elaborare questi dati scaricando e installando il plug-in per il browser disponibile al seguente link: <a href=\"http:\/\/tools.google.com\/dlpage\/gaoptout?hl=de=en=de=de=en\">http:\/\/tools.google.com\/dlpage\/gaoptout?hl=de=en=de=de=en<\/a><\/p>\n<p style=\"margin: 0px 0px 15px; padding: 0px; border: 0px; font-size: 14px; vertical-align: baseline; line-height: 1.71429; color: #444444; font-family: Ubuntu, Helvetica, Arial, sans-serif;\"><strong>Informativa sulla privacy per l&#8217;utilizzo di Google +1 <\/strong><\/p>\n<p style=\"margin: 0px 0px 15px; padding: 0px; border: 0px; font-size: 14px; vertical-align: baseline; line-height: 1.71429; color: #444444; font-family: Ubuntu, Helvetica, Arial, sans-serif;\">Le nostre pagine utilizzano le funzioni di Google +1. Il fornitore \u00e8 Google Inc. 1600 Amphitheatre Parkway Mountain View, CA 94043, USA.<\/p>\n<p style=\"margin: 0px 0px 15px; padding: 0px; border: 0px; font-size: 14px; vertical-align: baseline; line-height: 1.71429; color: #444444; font-family: Ubuntu, Helvetica, Arial, sans-serif;\">Raccolta e diffusione delle informazioni: Il pulsante Google +1 consente di pubblicare informazioni in tutto il mondo. Il pulsante Google +1 fornisce a voi e agli altri utenti contenuti personalizzati da Google e dai nostri partner. Google memorizza sia le informazioni che hai dato +1 per un articolo sia le informazioni sulla pagina che hai visto quando hai cliccato su +1. Il tuo +1 pu\u00f2 apparire come indizi insieme al nome del tuo profilo e alla foto nei servizi Google, come i risultati della ricerca o il tuo profilo Google, o altrove su siti web e annunci su Internet. Google registra le informazioni sulla tua attivit\u00e0 +1 per migliorare i servizi Google per te e gli altri. Per utilizzare il pulsante Google +1, \u00e8 necessario un profilo Google pubblico e visibile a livello globale che includa almeno il nome scelto per il profilo. Questo nome verr\u00e0 utilizzato in tutti i servizi Google. In alcuni casi, questo nome pu\u00f2 anche sostituire un altro nome utilizzato quando si condividono contenuti attraverso il proprio account Google. L&#8217;identit\u00e0 del tuo profilo Google pu\u00f2 essere visualizzata agli utenti che conoscono il tuo indirizzo e-mail o che hanno altre informazioni identificative su di te.<\/p>\n<p style=\"margin: 0px 0px 15px; padding: 0px; border: 0px; font-size: 14px; vertical-align: baseline; line-height: 1.71429; color: #444444; font-family: Ubuntu, Helvetica, Arial, sans-serif;\">Uso delle informazioni raccolte: Oltre agli usi sopra descritti, i dati forniti dall&#8217;utente saranno utilizzati in conformit\u00e0 con le politiche sulla privacy di Google applicabili. Google pu\u00f2 pubblicare o condividere statistiche aggregate sull&#8217;attivit\u00e0 +1 degli utenti con utenti e partner, come editori, inserzionisti o affiliati.<\/p>\n<p style=\"margin: 0px 0px 15px; padding: 0px; border: 0px; font-size: 14px; vertical-align: baseline; line-height: 1.71429; color: #444444; font-family: Ubuntu, Helvetica, Arial, sans-serif;\"><strong>Informativa sulla privacy per l&#8217;utilizzo di Twitter<\/strong><\/p>\n<p style=\"margin: 0px 0px 15px; padding: 0px; border: 0px; font-size: 14px; vertical-align: baseline; line-height: 1.71429; color: #444444; font-family: Ubuntu, Helvetica, Arial, sans-serif;\">Sulle nostre pagine sono integrate le funzioni del servizio Twitter. Queste funzioni sono offerte da Twitter Inc., 1355 Market Street, Suite 900, San Francisco, CA 94103, USA. Utilizzando Twitter e la funzione &#8220;Re-Tweet&#8221;, i siti web che visitate sono collegati al vostro account Twitter e resi noti ad altri utenti. I dati vengono trasferiti anche a Twitter. Si precisa che, in qualit\u00e0 di fornitore delle pagine, non abbiamo alcuna conoscenza del contenuto dei dati trasmessi o del loro utilizzo da parte di Twitter. Ulteriori informazioni in merito sono disponibili nell&#8217;informativa sulla privacy di Twitter all&#8217;indirizzo <a href=\"http:\/\/twitter.com\/privacy\">http:\/\/twitter.com\/privacy <\/a><\/p>\n<p style=\"margin: 0px 0px 15px; padding: 0px; border: 0px; font-size: 14px; vertical-align: baseline; line-height: 1.71429; color: #444444; font-family: Ubuntu, Helvetica, Arial, sans-serif;\">\u00c8 possibile modificare le impostazioni sulla privacy su Twitter nelle impostazioni del proprio account all&#8217;indirizzo <a href=\"http:\/\/twitter.com\/account\/settings\">http:\/\/twitter.com\/account\/settings<\/a><\/p>\n","protected":false},"excerpt":{"rendered":"<p>Protezione Dei Dati I gestori di queste pagine prendono molto seriamente la protezione dei vostri dati personali. Trattiamo i vostri<\/p>\n","protected":false},"author":2,"featured_media":0,"parent":0,"menu_order":0,"comment_status":"closed","ping_status":"closed","template":"","meta":[],"yoast_head":"<!-- This site is optimized with the Yoast SEO plugin v18.3 - https:\/\/yoast.com\/wordpress\/plugins\/seo\/ -->\n<title>Protezione Dei Dati - Keep2Share Premium Account<\/title>\n<meta name=\"robots\" content=\"noindex, nofollow\" \/>\n<meta property=\"og:locale\" content=\"it_IT\" \/>\n<meta property=\"og:type\" content=\"article\" \/>\n<meta property=\"og:title\" content=\"Protezione Dei Dati - Keep2Share Premium Account\" \/>\n<meta property=\"og:description\" content=\"Protezione Dei Dati I gestori di queste pagine prendono molto seriamente la protezione dei vostri dati personali. Trattiamo i vostri\" \/>\n<meta property=\"og:url\" content=\"https:\/\/keep2sharepremium.net\/it\/protezione-dei-dati\/\" \/>\n<meta property=\"og:site_name\" content=\"Keep2Share Premium Account\" \/>\n<meta property=\"article:modified_time\" content=\"2019-07-30T11:07:20+00:00\" \/>\n<meta name=\"twitter:card\" content=\"summary\" \/>\n<meta name=\"twitter:label1\" content=\"Tempo di lettura stimato\" \/>\n\t<meta name=\"twitter:data1\" content=\"5 minuti\" \/>\n<script type=\"application\/ld+json\" class=\"yoast-schema-graph\">{\"@context\":\"https:\/\/schema.org\",\"@graph\":[{\"@type\":\"WebSite\",\"@id\":\"https:\/\/keep2sharepremium.net\/#website\",\"url\":\"https:\/\/keep2sharepremium.net\/\",\"name\":\"Keep2Share Premium Account\",\"description\":\"Start something new.\",\"potentialAction\":[{\"@type\":\"SearchAction\",\"target\":{\"@type\":\"EntryPoint\",\"urlTemplate\":\"https:\/\/keep2sharepremium.net\/?s={search_term_string}\"},\"query-input\":\"required name=search_term_string\"}],\"inLanguage\":\"it-IT\"},{\"@type\":\"WebPage\",\"@id\":\"https:\/\/keep2sharepremium.net\/it\/protezione-dei-dati\/#webpage\",\"url\":\"https:\/\/keep2sharepremium.net\/it\/protezione-dei-dati\/\",\"name\":\"Protezione Dei Dati - Keep2Share Premium Account\",\"isPartOf\":{\"@id\":\"https:\/\/keep2sharepremium.net\/#website\"},\"datePublished\":\"2019-07-30T09:01:53+00:00\",\"dateModified\":\"2019-07-30T11:07:20+00:00\",\"breadcrumb\":{\"@id\":\"https:\/\/keep2sharepremium.net\/it\/protezione-dei-dati\/#breadcrumb\"},\"inLanguage\":\"it-IT\",\"potentialAction\":[{\"@type\":\"ReadAction\",\"target\":[\"https:\/\/keep2sharepremium.net\/it\/protezione-dei-dati\/\"]}]},{\"@type\":\"BreadcrumbList\",\"@id\":\"https:\/\/keep2sharepremium.net\/it\/protezione-dei-dati\/#breadcrumb\",\"itemListElement\":[{\"@type\":\"ListItem\",\"position\":1,\"name\":\"Startseite\",\"item\":\"https:\/\/keep2sharepremium.net\/it\/\"},{\"@type\":\"ListItem\",\"position\":2,\"name\":\"Protezione Dei Dati\"}]}]}<\/script>\n<!-- \/ Yoast SEO plugin. -->","yoast_head_json":{"title":"Protezione Dei Dati - Keep2Share Premium Account","robots":{"index":"noindex","follow":"nofollow"},"og_locale":"it_IT","og_type":"article","og_title":"Protezione Dei Dati - Keep2Share Premium Account","og_description":"Protezione Dei Dati I gestori di queste pagine prendono molto seriamente la protezione dei vostri dati personali. Trattiamo i vostri","og_url":"https:\/\/keep2sharepremium.net\/it\/protezione-dei-dati\/","og_site_name":"Keep2Share Premium Account","article_modified_time":"2019-07-30T11:07:20+00:00","twitter_card":"summary","twitter_misc":{"Tempo di lettura stimato":"5 minuti"},"schema":{"@context":"https:\/\/schema.org","@graph":[{"@type":"WebSite","@id":"https:\/\/keep2sharepremium.net\/#website","url":"https:\/\/keep2sharepremium.net\/","name":"Keep2Share Premium Account","description":"Start something new.","potentialAction":[{"@type":"SearchAction","target":{"@type":"EntryPoint","urlTemplate":"https:\/\/keep2sharepremium.net\/?s={search_term_string}"},"query-input":"required name=search_term_string"}],"inLanguage":"it-IT"},{"@type":"WebPage","@id":"https:\/\/keep2sharepremium.net\/it\/protezione-dei-dati\/#webpage","url":"https:\/\/keep2sharepremium.net\/it\/protezione-dei-dati\/","name":"Protezione Dei Dati - Keep2Share Premium Account","isPartOf":{"@id":"https:\/\/keep2sharepremium.net\/#website"},"datePublished":"2019-07-30T09:01:53+00:00","dateModified":"2019-07-30T11:07:20+00:00","breadcrumb":{"@id":"https:\/\/keep2sharepremium.net\/it\/protezione-dei-dati\/#breadcrumb"},"inLanguage":"it-IT","potentialAction":[{"@type":"ReadAction","target":["https:\/\/keep2sharepremium.net\/it\/protezione-dei-dati\/"]}]},{"@type":"BreadcrumbList","@id":"https:\/\/keep2sharepremium.net\/it\/protezione-dei-dati\/#breadcrumb","itemListElement":[{"@type":"ListItem","position":1,"name":"Startseite","item":"https:\/\/keep2sharepremium.net\/it\/"},{"@type":"ListItem","position":2,"name":"Protezione Dei Dati"}]}]}},"_links":{"self":[{"href":"https:\/\/keep2sharepremium.net\/it\/wp-json\/wp\/v2\/pages\/220"}],"collection":[{"href":"https:\/\/keep2sharepremium.net\/it\/wp-json\/wp\/v2\/pages"}],"about":[{"href":"https:\/\/keep2sharepremium.net\/it\/wp-json\/wp\/v2\/types\/page"}],"author":[{"embeddable":true,"href":"https:\/\/keep2sharepremium.net\/it\/wp-json\/wp\/v2\/users\/2"}],"replies":[{"embeddable":true,"href":"https:\/\/keep2sharepremium.net\/it\/wp-json\/wp\/v2\/comments?post=220"}],"version-history":[{"count":4,"href":"https:\/\/keep2sharepremium.net\/it\/wp-json\/wp\/v2\/pages\/220\/revisions"}],"predecessor-version":[{"id":240,"href":"https:\/\/keep2sharepremium.net\/it\/wp-json\/wp\/v2\/pages\/220\/revisions\/240"}],"wp:attachment":[{"href":"https:\/\/keep2sharepremium.net\/it\/wp-json\/wp\/v2\/media?parent=220"}],"curies":[{"name":"wp","href":"https:\/\/api.w.org\/{rel}","templated":true}]}}