{"id":221,"date":"2019-07-30T09:00:56","date_gmt":"2019-07-30T09:00:56","guid":{"rendered":"https:\/\/keep2sharepremium.net\/?page_id=221"},"modified":"2019-07-30T11:07:23","modified_gmt":"2019-07-30T11:07:23","slug":"ochrona-danych","status":"publish","type":"page","link":"https:\/\/keep2sharepremium.net\/pl\/ochrona-danych\/","title":{"rendered":"Ochrona Danych"},"content":{"rendered":"<p style=\"margin: 0px 0px 15px; padding: 0px; border: 0px; font-size: 14px; vertical-align: baseline; line-height: 1.71429; color: #444444; font-family: Ubuntu, Helvetica, Arial, sans-serif;\"><strong style=\"margin: 0px; padding: 0px; border: 0px; vertical-align: baseline;\"><strong data-rich-text-format-boundary=\"true\">Ochrona Danych<\/strong><\/strong><\/p>\n<p style=\"margin: 0px 0px 15px; padding: 0px; border: 0px; font-size: 14px; vertical-align: baseline; line-height: 1.71429; color: #444444; font-family: Ubuntu, Helvetica, Arial, sans-serif;\">Operatorzy tych stron bardzo powa\u017cnie podchodz\u0105 do ochrony Pa\u0144stwa danych osobowych. Pa\u0144stwa dane osobowe traktujemy poufnie i zgodnie z przepisami prawnymi dotycz\u0105cymi ochrony danych oraz niniejszym wyja\u015bnieniem dotycz\u0105cym ochrony danych osobowych.<\/p>\n<p style=\"margin: 0px 0px 15px; padding: 0px; border: 0px; font-size: 14px; vertical-align: baseline; line-height: 1.71429; color: #444444; font-family: Ubuntu, Helvetica, Arial, sans-serif;\">Z regu\u0142y z naszej strony internetowej mo\u017cna korzysta\u0107 bez podawania danych osobowych. Je\u017celi na naszych stronach zbierane s\u0105 dane osobowe (np. nazwisko, adres lub adresy e-mail), odbywa si\u0119 to zawsze, o ile to mo\u017cliwe, na zasadzie dobrowolno\u015bci. Dane te nie b\u0119d\u0105 przekazywane osobom trzecim bez Pa\u0144stwa wyra\u017anej zgody.<\/p>\n<p style=\"margin: 0px 0px 15px; padding: 0px; border: 0px; font-size: 14px; vertical-align: baseline; line-height: 1.71429; color: #444444; font-family: Ubuntu, Helvetica, Arial, sans-serif;\">Chcieliby\u015bmy zwr\u00f3ci\u0107 uwag\u0119, \u017ce transmisja danych w Internecie (np. komunikacja za pomoc\u0105 poczty elektronicznej) mo\u017ce podlega\u0107 lukom bezpiecze\u0144stwa. Pe\u0142na ochrona danych przed dost\u0119pem os\u00f3b trzecich nie jest mo\u017cliwa.<\/p>\n<p style=\"margin: 0px 0px 15px; padding: 0px; border: 0px; font-size: 14px; vertical-align: baseline; line-height: 1.71429; color: #444444; font-family: Ubuntu, Helvetica, Arial, sans-serif;\"><strong>Polityka prywatno\u015bci w zakresie korzystania z wtyczek Facebooka (np. przycisk)<\/strong><\/p>\n<p style=\"margin: 0px 0px 15px; padding: 0px; border: 0px; font-size: 14px; vertical-align: baseline; line-height: 1.71429; color: #444444; font-family: Ubuntu, Helvetica, Arial, sans-serif;\">Na naszych stronach znajduj\u0105 si\u0119 wtyczki do sieci spo\u0142eczno\u015bciowej Facebook, dostawca Facebook Inc., 1 Hacker Way, Menlo Park, California 94025, USA, zintegrowane. Wtyczki do Facebooka mo\u017cna rozpozna\u0107 po logo Facebooka lub przycisku &#8222;Lubi\u0119 to&#8221; na naszej stronie. Przegl\u0105d wtyczek do Facebooka mo\u017cna znale\u017a\u0107 tutaj: <a href=\"http:\/\/developers.facebook.com\/docs\/plugins\/\">http:\/\/developers.facebook.com\/docs\/plugins\/<\/a><\/p>\n<p style=\"margin: 0px 0px 15px; padding: 0px; border: 0px; font-size: 14px; vertical-align: baseline; line-height: 1.71429; color: #444444; font-family: Ubuntu, Helvetica, Arial, sans-serif;\">Kiedy odwiedzasz nasze strony, wtyczka nawi\u0105zuje bezpo\u015brednie po\u0142\u0105czenie pomi\u0119dzy Twoj\u0105 przegl\u0105dark\u0105 a serwerem Facebooka. Facebook otrzymuje informacj\u0119, \u017ce odwiedzi\u0142e\u015b nasz\u0105 stron\u0119 z Twoim adresem IP. Je\u015bli klikniesz przycisk &#8222;Lubi\u0119 to&#8221; na Facebooku, podczas gdy jeste\u015b zalogowany na swoje konto na Facebooku, mo\u017cesz po\u0142\u0105czy\u0107 zawarto\u015b\u0107 naszych stron z Twoim profilem na Facebooku. Dzi\u0119ki temu Facebook mo\u017ce kojarzy\u0107 odwiedzanie naszych stron z Twoim kontem u\u017cytkownika. Pragniemy zwr\u00f3ci\u0107 uwag\u0119, \u017ce jako dostawca stron internetowych nie posiadamy \u017cadnej wiedzy na temat tre\u015bci przesy\u0142anych danych lub ich wykorzystania przez Facebook. Dalsze informacje na ten temat mo\u017cna znale\u017a\u0107 w polityce prywatno\u015bci Facebooka na stronie <a href=\"http:\/\/de-de.facebook.com\/policy.php\">http:\/\/de-de.facebook.com\/policy.php <\/a><\/p>\n<p style=\"margin: 0px 0px 15px; padding: 0px; border: 0px; font-size: 14px; vertical-align: baseline; line-height: 1.71429; color: #444444; font-family: Ubuntu, Helvetica, Arial, sans-serif;\">Je\u015bli nie chcesz, aby Facebook m\u00f3g\u0142 przypisywa\u0107 wizyty na naszych stronach do Twojego konta u\u017cytkownika na Facebooku, wyloguj si\u0119 ze swojego konta u\u017cytkownika na Facebooku.<\/p>\n<p style=\"margin: 0px 0px 15px; padding: 0px; border: 0px; font-size: 14px; vertical-align: baseline; line-height: 1.71429; color: #444444; font-family: Ubuntu, Helvetica, Arial, sans-serif;\"><strong>Polityka prywatno\u015bci w zakresie korzystania z Google Analytics <\/strong><\/p>\n<p style=\"margin: 0px 0px 15px; padding: 0px; border: 0px; font-size: 14px; vertical-align: baseline; line-height: 1.71429; color: #444444; font-family: Ubuntu, Helvetica, Arial, sans-serif;\">Ta strona korzysta z funkcji us\u0142ugi analizy stron internetowych Google Analytics. Dostawc\u0105 jest Google Inc. 1600 Amphitheatre Parkway Mountain View, CA 94043, USA. Google Analytics u\u017cywa tak zwanych &#8222;cookies&#8221;. S\u0105 to pliki tekstowe, kt\u00f3re s\u0105 przechowywane na komputerze u\u017cytkownika i umo\u017cliwiaj\u0105 analiz\u0119 korzystania z witryny internetowej. Informacje generowane przez plik cookie na temat korzystania z witryny przez u\u017cytkownika s\u0105 z regu\u0142y przesy\u0142ane do serwera Google w Stanach Zjednoczonych i tam przechowywane.<\/p>\n<p style=\"margin: 0px 0px 15px; padding: 0px; border: 0px; font-size: 14px; vertical-align: baseline; line-height: 1.71429; color: #444444; font-family: Ubuntu, Helvetica, Arial, sans-serif;\">Jednak w przypadku aktywacji anonimizacji IP na tej stronie internetowej, Pa\u0144stwa adres IP zostanie wcze\u015bniej skr\u00f3cony przez Google w pa\u0144stwach cz\u0142onkowskich Unii Europejskiej lub w innych pa\u0144stwach b\u0119d\u0105cych sygnatariuszami Porozumienia o Europejskim Obszarze Gospodarczym. Tylko w wyj\u0105tkowych przypadkach pe\u0142ny adres IP zostanie przes\u0142any na serwer Google w USA, gdzie zostanie skr\u00f3cony. W imieniu operatora tej strony internetowej Google wykorzysta te informacje w celu oceny korzystania z tej strony internetowej przez u\u017cytkownika, sporz\u0105dzania raport\u00f3w na temat aktywno\u015bci na stronie internetowej oraz \u015bwiadczenia innych us\u0142ug zwi\u0105zanych z aktywno\u015bci\u0105 na stronie internetowej i korzystaniem z Internetu na rzecz operatora strony internetowej. Adres IP przekazywany przez przegl\u0105dark\u0119 u\u017cytkownika w ramach Google Analytics nie jest \u0142\u0105czony z innymi danymi Google.<\/p>\n<p style=\"margin: 0px 0px 15px; padding: 0px; border: 0px; font-size: 14px; vertical-align: baseline; line-height: 1.71429; color: #444444; font-family: Ubuntu, Helvetica, Arial, sans-serif;\">U\u017cytkownik mo\u017ce zrezygnowa\u0107 z cookies wybieraj\u0105c odpowiednie ustawienia w przegl\u0105darce, jednak nale\u017cy pami\u0119ta\u0107, \u017ce w takim przypadku korzystanie z pe\u0142nej funkcjonalno\u015bci tej strony internetowej mo\u017ce okaza\u0107 si\u0119 niemo\u017cliwe. U\u017cytkownik mo\u017ce r\u00f3wnie\u017c uniemo\u017cliwi\u0107 Google zbieranie danych generowanych przez plik cookie i zwi\u0105zanych z korzystaniem przez u\u017cytkownika ze strony internetowej (w\u0142\u0105cznie z adresem IP u\u017cytkownika) oraz przetwarzanie tych danych przez Google poprzez pobranie i zainstalowanie wtyczki do przegl\u0105darki dost\u0119pnej pod nast\u0119puj\u0105cym linkiem: <a href=\"http:\/\/tools.google.com\/dlpage\/gaoptout?hl=de=en=de=en\">http:\/\/tools.google.com\/dlpage\/gaoptout?hl=de=en=de=en <\/a><\/p>\n<p style=\"margin: 0px 0px 15px; padding: 0px; border: 0px; font-size: 14px; vertical-align: baseline; line-height: 1.71429; color: #444444; font-family: Ubuntu, Helvetica, Arial, sans-serif;\"><strong>Polityka prywatno\u015bci w zakresie korzystania z Google +1 <\/strong><\/p>\n<p style=\"margin: 0px 0px 15px; padding: 0px; border: 0px; font-size: 14px; vertical-align: baseline; line-height: 1.71429; color: #444444; font-family: Ubuntu, Helvetica, Arial, sans-serif;\">Nasze strony korzystaj\u0105 z funkcji Google +1. Dostawc\u0105 jest Google Inc. 1600 Amphitheatre Parkway Mountain View, CA 94043, USA.<\/p>\n<p style=\"margin: 0px 0px 15px; padding: 0px; border: 0px; font-size: 14px; vertical-align: baseline; line-height: 1.71429; color: #444444; font-family: Ubuntu, Helvetica, Arial, sans-serif;\">Gromadzenie i rozpowszechnianie informacji: Przycisk Google +1 umo\u017cliwia publikowanie informacji na ca\u0142ym \u015bwiecie. Przycisk Google +1 daje Tobie i innym u\u017cytkownikom spersonalizowan\u0105 tre\u015b\u0107 od Google i naszych partner\u00f3w. Google przechowuje zar\u00f3wno informacje, kt\u00f3re poda\u0142e\u015b +1 dla danego elementu, jak i informacje o stronie, kt\u00f3r\u0105 ogl\u0105da\u0142e\u015b po klikni\u0119ciu +1. Tw\u00f3j +1 mo\u017ce pojawi\u0107 si\u0119 jako wskaz\u00f3wka wraz z nazw\u0105 profilu i zdj\u0119ciem w us\u0142ugach Google, takich jak wyniki wyszukiwania lub profil Google, lub gdzie indziej na stronach internetowych i reklamach w Internecie. Google zapisuje informacje o Twojej aktywno\u015bci +1 w celu ulepszenia us\u0142ug Google dla Ciebie i innych os\u00f3b. Aby skorzysta\u0107 z przycisku Google +1, potrzebny jest globalnie widoczny, publiczny profil Google, kt\u00f3ry zawiera co najmniej nazw\u0119, kt\u00f3r\u0105 wybra\u0142e\u015b dla profilu. Nazwa ta b\u0119dzie u\u017cywana we wszystkich us\u0142ugach Google. W niekt\u00f3rych przypadkach nazwa ta mo\u017ce r\u00f3wnie\u017c zast\u0105pi\u0107 inn\u0105 nazw\u0119 u\u017cywan\u0105 podczas udost\u0119pniania zawarto\u015bci za po\u015brednictwem konta Google. To\u017csamo\u015b\u0107 Twojego profilu Google mo\u017ce by\u0107 wy\u015bwietlana u\u017cytkownikom, kt\u00f3rzy znaj\u0105 Tw\u00f3j adres e-mail lub posiadaj\u0105 inne dane identyfikacyjne dotycz\u0105ce Ciebie.<\/p>\n<p style=\"margin: 0px 0px 15px; padding: 0px; border: 0px; font-size: 14px; vertical-align: baseline; line-height: 1.71429; color: #444444; font-family: Ubuntu, Helvetica, Arial, sans-serif;\">Wykorzystanie zebranych informacji: Opr\u00f3cz zastosowa\u0144 opisanych powy\u017cej, podane przez u\u017cytkownika informacje b\u0119d\u0105 wykorzystywane zgodnie z obowi\u0105zuj\u0105cymi zasadami ochrony prywatno\u015bci Google. Google mo\u017ce publikowa\u0107 lub udost\u0119pnia\u0107 zagregowane statystyki dotycz\u0105ce aktywno\u015bci u\u017cytkownik\u00f3w +1 z u\u017cytkownikami i partnerami, takimi jak wydawcy, reklamodawcy lub podmioty powi\u0105zane.<\/p>\n<p style=\"margin: 0px 0px 15px; padding: 0px; border: 0px; font-size: 14px; vertical-align: baseline; line-height: 1.71429; color: #444444; font-family: Ubuntu, Helvetica, Arial, sans-serif;\"><strong>Polityka prywatno\u015bci w zakresie korzystania z Twittera<\/strong><\/p>\n<p style=\"margin: 0px 0px 15px; padding: 0px; border: 0px; font-size: 14px; vertical-align: baseline; line-height: 1.71429; color: #444444; font-family: Ubuntu, Helvetica, Arial, sans-serif;\">Na naszych stronach zintegrowane s\u0105 funkcje serwisu Twitter. Funkcje te s\u0105 oferowane przez Twitter Inc., 1355 Market Street, Suite 900, San Francisco, CA 94103, USA. Korzystaj\u0105c z Twittera i funkcji &#8222;Re-Tweet&#8221;, odwiedzane przez Ciebie strony internetowe s\u0105 powi\u0105zane z Twoim kontem na Twitterze i udost\u0119pniane innym u\u017cytkownikom. Dane s\u0105 r\u00f3wnie\u017c przekazywane do Twittera. Pragniemy zwr\u00f3ci\u0107 uwag\u0119, \u017ce jako dostawca stron internetowych nie posiadamy \u017cadnej wiedzy na temat tre\u015bci przesy\u0142anych danych lub ich wykorzystania przez Twittera. Dalsze informacje na ten temat mo\u017cna znale\u017a\u0107 w polityce prywatno\u015bci Twittera na stronie <a href=\"http:\/\/twitter.com\/privacy\">http:\/\/twitter.com\/privacy <\/a><\/p>\n<p style=\"margin: 0px 0px 15px; padding: 0px; border: 0px; font-size: 14px; vertical-align: baseline; line-height: 1.71429; color: #444444; font-family: Ubuntu, Helvetica, Arial, sans-serif;\">Mo\u017cesz zmieni\u0107 ustawienia prywatno\u015bci na Twitterze w ustawieniach swojego konta na stronie <a href=\"http:\/\/twitter.com\/account\/settings\">http:\/\/twitter.com\/account\/settings<\/a><\/p>\n","protected":false},"excerpt":{"rendered":"<p>Ochrona Danych Operatorzy tych stron bardzo powa\u017cnie podchodz\u0105 do ochrony Pa\u0144stwa danych osobowych. Pa\u0144stwa dane osobowe traktujemy poufnie i zgodnie<\/p>\n","protected":false},"author":2,"featured_media":0,"parent":0,"menu_order":0,"comment_status":"closed","ping_status":"closed","template":"","meta":[],"yoast_head":"<!-- This site is optimized with the Yoast SEO plugin v18.3 - https:\/\/yoast.com\/wordpress\/plugins\/seo\/ -->\n<title>Ochrona Danych - Keep2Share Premium Account<\/title>\n<meta name=\"robots\" content=\"noindex, nofollow\" \/>\n<meta property=\"og:locale\" content=\"pl_PL\" \/>\n<meta property=\"og:type\" content=\"article\" \/>\n<meta property=\"og:title\" content=\"Ochrona Danych - Keep2Share Premium Account\" \/>\n<meta property=\"og:description\" content=\"Ochrona Danych Operatorzy tych stron bardzo powa\u017cnie podchodz\u0105 do ochrony Pa\u0144stwa danych osobowych. Pa\u0144stwa dane osobowe traktujemy poufnie i zgodnie\" \/>\n<meta property=\"og:url\" content=\"https:\/\/keep2sharepremium.net\/pl\/ochrona-danych\/\" \/>\n<meta property=\"og:site_name\" content=\"Keep2Share Premium Account\" \/>\n<meta property=\"article:modified_time\" content=\"2019-07-30T11:07:23+00:00\" \/>\n<meta name=\"twitter:card\" content=\"summary\" \/>\n<meta name=\"twitter:label1\" content=\"Szacowany czas czytania\" \/>\n\t<meta name=\"twitter:data1\" content=\"5 minut\" \/>\n<script type=\"application\/ld+json\" class=\"yoast-schema-graph\">{\"@context\":\"https:\/\/schema.org\",\"@graph\":[{\"@type\":\"WebSite\",\"@id\":\"https:\/\/keep2sharepremium.net\/#website\",\"url\":\"https:\/\/keep2sharepremium.net\/\",\"name\":\"Keep2Share Premium Account\",\"description\":\"Start something new.\",\"potentialAction\":[{\"@type\":\"SearchAction\",\"target\":{\"@type\":\"EntryPoint\",\"urlTemplate\":\"https:\/\/keep2sharepremium.net\/?s={search_term_string}\"},\"query-input\":\"required name=search_term_string\"}],\"inLanguage\":\"pl-PL\"},{\"@type\":\"WebPage\",\"@id\":\"https:\/\/keep2sharepremium.net\/pl\/ochrona-danych\/#webpage\",\"url\":\"https:\/\/keep2sharepremium.net\/pl\/ochrona-danych\/\",\"name\":\"Ochrona Danych - Keep2Share Premium Account\",\"isPartOf\":{\"@id\":\"https:\/\/keep2sharepremium.net\/#website\"},\"datePublished\":\"2019-07-30T09:00:56+00:00\",\"dateModified\":\"2019-07-30T11:07:23+00:00\",\"breadcrumb\":{\"@id\":\"https:\/\/keep2sharepremium.net\/pl\/ochrona-danych\/#breadcrumb\"},\"inLanguage\":\"pl-PL\",\"potentialAction\":[{\"@type\":\"ReadAction\",\"target\":[\"https:\/\/keep2sharepremium.net\/pl\/ochrona-danych\/\"]}]},{\"@type\":\"BreadcrumbList\",\"@id\":\"https:\/\/keep2sharepremium.net\/pl\/ochrona-danych\/#breadcrumb\",\"itemListElement\":[{\"@type\":\"ListItem\",\"position\":1,\"name\":\"Startseite\",\"item\":\"https:\/\/keep2sharepremium.net\/pl\/\"},{\"@type\":\"ListItem\",\"position\":2,\"name\":\"Ochrona Danych\"}]}]}<\/script>\n<!-- \/ Yoast SEO plugin. -->","yoast_head_json":{"title":"Ochrona Danych - Keep2Share Premium Account","robots":{"index":"noindex","follow":"nofollow"},"og_locale":"pl_PL","og_type":"article","og_title":"Ochrona Danych - Keep2Share Premium Account","og_description":"Ochrona Danych Operatorzy tych stron bardzo powa\u017cnie podchodz\u0105 do ochrony Pa\u0144stwa danych osobowych. Pa\u0144stwa dane osobowe traktujemy poufnie i zgodnie","og_url":"https:\/\/keep2sharepremium.net\/pl\/ochrona-danych\/","og_site_name":"Keep2Share Premium Account","article_modified_time":"2019-07-30T11:07:23+00:00","twitter_card":"summary","twitter_misc":{"Szacowany czas czytania":"5 minut"},"schema":{"@context":"https:\/\/schema.org","@graph":[{"@type":"WebSite","@id":"https:\/\/keep2sharepremium.net\/#website","url":"https:\/\/keep2sharepremium.net\/","name":"Keep2Share Premium Account","description":"Start something new.","potentialAction":[{"@type":"SearchAction","target":{"@type":"EntryPoint","urlTemplate":"https:\/\/keep2sharepremium.net\/?s={search_term_string}"},"query-input":"required name=search_term_string"}],"inLanguage":"pl-PL"},{"@type":"WebPage","@id":"https:\/\/keep2sharepremium.net\/pl\/ochrona-danych\/#webpage","url":"https:\/\/keep2sharepremium.net\/pl\/ochrona-danych\/","name":"Ochrona Danych - Keep2Share Premium Account","isPartOf":{"@id":"https:\/\/keep2sharepremium.net\/#website"},"datePublished":"2019-07-30T09:00:56+00:00","dateModified":"2019-07-30T11:07:23+00:00","breadcrumb":{"@id":"https:\/\/keep2sharepremium.net\/pl\/ochrona-danych\/#breadcrumb"},"inLanguage":"pl-PL","potentialAction":[{"@type":"ReadAction","target":["https:\/\/keep2sharepremium.net\/pl\/ochrona-danych\/"]}]},{"@type":"BreadcrumbList","@id":"https:\/\/keep2sharepremium.net\/pl\/ochrona-danych\/#breadcrumb","itemListElement":[{"@type":"ListItem","position":1,"name":"Startseite","item":"https:\/\/keep2sharepremium.net\/pl\/"},{"@type":"ListItem","position":2,"name":"Ochrona Danych"}]}]}},"_links":{"self":[{"href":"https:\/\/keep2sharepremium.net\/pl\/wp-json\/wp\/v2\/pages\/221"}],"collection":[{"href":"https:\/\/keep2sharepremium.net\/pl\/wp-json\/wp\/v2\/pages"}],"about":[{"href":"https:\/\/keep2sharepremium.net\/pl\/wp-json\/wp\/v2\/types\/page"}],"author":[{"embeddable":true,"href":"https:\/\/keep2sharepremium.net\/pl\/wp-json\/wp\/v2\/users\/2"}],"replies":[{"embeddable":true,"href":"https:\/\/keep2sharepremium.net\/pl\/wp-json\/wp\/v2\/comments?post=221"}],"version-history":[{"count":4,"href":"https:\/\/keep2sharepremium.net\/pl\/wp-json\/wp\/v2\/pages\/221\/revisions"}],"predecessor-version":[{"id":239,"href":"https:\/\/keep2sharepremium.net\/pl\/wp-json\/wp\/v2\/pages\/221\/revisions\/239"}],"wp:attachment":[{"href":"https:\/\/keep2sharepremium.net\/pl\/wp-json\/wp\/v2\/media?parent=221"}],"curies":[{"name":"wp","href":"https:\/\/api.w.org\/{rel}","templated":true}]}}